{"id":8,"date":"2022-07-08T14:30:28","date_gmt":"2022-07-08T14:30:28","guid":{"rendered":"http:\/\/cabanedeloiseau.com\/?page_id=8"},"modified":"2024-04-17T14:58:34","modified_gmt":"2024-04-17T14:58:34","slug":"contact","status":"publish","type":"page","link":"https:\/\/cabanedeloiseau.com\/?page_id=8","title":{"rendered":"Contact"},"content":{"rendered":"\t\t<div data-elementor-type=\"wp-page\" data-elementor-id=\"8\" class=\"elementor elementor-8\">\n\t\t\t\t\t\t<section class=\"elementor-section elementor-top-section elementor-element elementor-element-faa51ec elementor-section-boxed elementor-section-height-default elementor-section-height-default\" data-id=\"faa51ec\" data-element_type=\"section\" data-e-type=\"section\">\n\t\t\t\t\t\t<div class=\"elementor-container elementor-column-gap-default\">\n\t\t\t\t\t<div class=\"elementor-column elementor-col-100 elementor-top-column elementor-element elementor-element-4311e69\" data-id=\"4311e69\" data-element_type=\"column\" data-e-type=\"column\">\n\t\t\t<div class=\"elementor-widget-wrap elementor-element-populated\">\n\t\t\t\t\t\t<div class=\"elementor-element elementor-element-0e55b55 elementor-widget elementor-widget-heading\" data-id=\"0e55b55\" data-element_type=\"widget\" data-e-type=\"widget\" data-widget_type=\"heading.default\">\n\t\t\t\t<div class=\"elementor-widget-container\">\n\t\t\t\t\t<h2 class=\"elementor-heading-title elementor-size-default\"><span class=\"pre-title-h1\">Nos<\/span> <br><i>infos pratiques<\/i> <\/h2>\t\t\t\t<\/div>\n\t\t\t\t<\/div>\n\t\t\t\t\t<\/div>\n\t\t<\/div>\n\t\t\t\t\t<\/div>\n\t\t<\/section>\n\t\t\t\t<section class=\"elementor-section elementor-top-section elementor-element elementor-element-f32fb36 elementor-section-content-middle elementor-section-boxed elementor-section-height-default elementor-section-height-default\" data-id=\"f32fb36\" data-element_type=\"section\" data-e-type=\"section\">\n\t\t\t\t\t\t<div class=\"elementor-container elementor-column-gap-default\">\n\t\t\t\t\t<div class=\"elementor-column elementor-col-50 elementor-top-column elementor-element elementor-element-e1c0383\" data-id=\"e1c0383\" data-element_type=\"column\" data-e-type=\"column\">\n\t\t\t<div class=\"elementor-widget-wrap elementor-element-populated\">\n\t\t\t\t\t\t<section class=\"elementor-section elementor-inner-section elementor-element elementor-element-ec5a4b1 elementor-section-full_width elementor-section-content-middle elementor-section-height-default elementor-section-height-default\" data-id=\"ec5a4b1\" data-element_type=\"section\" data-e-type=\"section\">\n\t\t\t\t\t\t<div class=\"elementor-container elementor-column-gap-default\">\n\t\t\t\t\t<div class=\"elementor-column elementor-col-100 elementor-inner-column elementor-element elementor-element-f9ad50c\" data-id=\"f9ad50c\" data-element_type=\"column\" data-e-type=\"column\">\n\t\t\t<div class=\"elementor-widget-wrap elementor-element-populated\">\n\t\t\t\t\t\t<div class=\"elementor-element elementor-element-3396770 elementor-widget__width-auto elementor-view-default elementor-widget elementor-widget-icon\" data-id=\"3396770\" data-element_type=\"widget\" data-e-type=\"widget\" data-widget_type=\"icon.default\">\n\t\t\t\t<div class=\"elementor-widget-container\">\n\t\t\t\t\t\t\t<div class=\"elementor-icon-wrapper\">\n\t\t\t<div class=\"elementor-icon\">\n\t\t\t<i aria-hidden=\"true\" class=\"fas fa-phone-alt\"><\/i>\t\t\t<\/div>\n\t\t<\/div>\n\t\t\t\t\t\t<\/div>\n\t\t\t\t<\/div>\n\t\t\t\t<div class=\"elementor-element elementor-element-9e0a5a6 elementor-widget__width-auto elementor-widget elementor-widget-heading\" data-id=\"9e0a5a6\" data-element_type=\"widget\" data-e-type=\"widget\" data-widget_type=\"heading.default\">\n\t\t\t\t<div class=\"elementor-widget-container\">\n\t\t\t\t\t<h2 class=\"elementor-heading-title elementor-size-default\">06 88 48 90 72 <\/h2>\t\t\t\t<\/div>\n\t\t\t\t<\/div>\n\t\t\t\t\t<\/div>\n\t\t<\/div>\n\t\t\t\t\t<\/div>\n\t\t<\/section>\n\t\t\t\t\t<\/div>\n\t\t<\/div>\n\t\t\t\t<div class=\"elementor-column elementor-col-50 elementor-top-column elementor-element elementor-element-6c6ec7b\" data-id=\"6c6ec7b\" data-element_type=\"column\" data-e-type=\"column\">\n\t\t\t<div class=\"elementor-widget-wrap elementor-element-populated\">\n\t\t\t\t\t\t<div class=\"elementor-element elementor-element-4e1a6ed elementor-widget__width-auto elementor-view-default elementor-widget elementor-widget-icon\" data-id=\"4e1a6ed\" data-element_type=\"widget\" data-e-type=\"widget\" data-widget_type=\"icon.default\">\n\t\t\t\t<div class=\"elementor-widget-container\">\n\t\t\t\t\t\t\t<div class=\"elementor-icon-wrapper\">\n\t\t\t<div class=\"elementor-icon\">\n\t\t\t<i aria-hidden=\"true\" class=\"fas fa-map-pin\"><\/i>\t\t\t<\/div>\n\t\t<\/div>\n\t\t\t\t\t\t<\/div>\n\t\t\t\t<\/div>\n\t\t\t\t<div class=\"elementor-element elementor-element-6f3c129 elementor-widget__width-initial elementor-widget elementor-widget-heading\" data-id=\"6f3c129\" data-element_type=\"widget\" data-e-type=\"widget\" data-widget_type=\"heading.default\">\n\t\t\t\t<div class=\"elementor-widget-container\">\n\t\t\t\t\t<p class=\"elementor-heading-title elementor-size-default\">Point GPS : N 44\u00b049'09\" \/ E 0\u00b042'50\"       \n864 Route de pecoral <br>24150 Couze et st Front<\/p>\t\t\t\t<\/div>\n\t\t\t\t<\/div>\n\t\t\t\t\t<\/div>\n\t\t<\/div>\n\t\t\t\t\t<\/div>\n\t\t<\/section>\n\t\t\t\t<section class=\"elementor-section elementor-top-section elementor-element elementor-element-4c1bddd elementor-section-boxed elementor-section-height-default elementor-section-height-default\" data-id=\"4c1bddd\" data-element_type=\"section\" data-e-type=\"section\">\n\t\t\t\t\t\t<div class=\"elementor-container elementor-column-gap-default\">\n\t\t\t\t\t<div class=\"elementor-column elementor-col-100 elementor-top-column elementor-element elementor-element-3d1841c\" data-id=\"3d1841c\" data-element_type=\"column\" data-e-type=\"column\">\n\t\t\t<div class=\"elementor-widget-wrap elementor-element-populated\">\n\t\t\t\t\t\t<div class=\"elementor-element elementor-element-5fe0eb7 elementor-widget elementor-widget-google_maps\" data-id=\"5fe0eb7\" data-element_type=\"widget\" data-e-type=\"widget\" data-widget_type=\"google_maps.default\">\n\t\t\t\t<div class=\"elementor-widget-container\">\n\t\t\t\t\t\t\t<div class=\"elementor-custom-embed\">\n\t\t\t<iframe loading=\"lazy\"\n\t\t\t\t\tsrc=\"https:\/\/maps.google.com\/maps?q=couze%20et%20saint%20front&#038;t=m&#038;z=10&#038;output=embed&#038;iwloc=near\"\n\t\t\t\t\ttitle=\"couze et saint front\"\n\t\t\t\t\taria-label=\"couze et saint front\"\n\t\t\t><\/iframe>\n\t\t<\/div>\n\t\t\t\t\t\t<\/div>\n\t\t\t\t<\/div>\n\t\t\t\t\t<\/div>\n\t\t<\/div>\n\t\t\t\t\t<\/div>\n\t\t<\/section>\n\t\t\t\t<section class=\"elementor-section elementor-top-section elementor-element elementor-element-162aaed7 elementor-section-boxed elementor-section-height-default elementor-section-height-default\" data-id=\"162aaed7\" data-element_type=\"section\" data-e-type=\"section\">\n\t\t\t\t\t\t<div class=\"elementor-container elementor-column-gap-default\">\n\t\t\t\t\t<div class=\"elementor-column elementor-col-100 elementor-top-column elementor-element elementor-element-91aec25\" data-id=\"91aec25\" data-element_type=\"column\" data-e-type=\"column\">\n\t\t\t<div class=\"elementor-widget-wrap elementor-element-populated\">\n\t\t\t\t\t\t<div class=\"elementor-element elementor-element-ecd9d9b elementor-widget elementor-widget-heading\" data-id=\"ecd9d9b\" data-element_type=\"widget\" data-e-type=\"widget\" data-widget_type=\"heading.default\">\n\t\t\t\t<div class=\"elementor-widget-container\">\n\t\t\t\t\t<h2 class=\"elementor-heading-title elementor-size-default\"><span class=\"pre-title-h1\">Pour<\/span> <br><i>r\u00e9server<\/i> <\/h2>\t\t\t\t<\/div>\n\t\t\t\t<\/div>\n\t\t\t\t<div class=\"elementor-element elementor-element-644379fa elementor-widget elementor-widget-text-editor\" data-id=\"644379fa\" data-element_type=\"widget\" data-e-type=\"widget\" data-widget_type=\"text-editor.default\">\n\t\t\t\t<div class=\"elementor-widget-container\">\n\t\t\t\t\t\t\t\t\t<p><\/p>\n<ul class=\"wp-block-list\">\n<li style=\"list-style-type: none;\">\n<ul><\/ul>\n<\/li>\n<\/ul>\n<p style=\"text-align: center;\"><span style=\"color: var( --e-global-color-text ); font-family: var( --e-global-typography-text-font-family ), Sans-serif; font-size: var( --e-global-typography-text-font-size ); font-weight: var( --e-global-typography-text-font-weight );\">Les r\u00e9servations peuvent se faire directement en nous joignant par t\u00e9l\u00e9phone au\u00a0<\/span><span style=\"color: var( --e-global-color-text ); font-family: var( --e-global-typography-text-font-family ), Sans-serif; font-size: var( --e-global-typography-text-font-size ); font-weight: var( --e-global-typography-text-font-weight );\">06 88 48 90 72,<\/span><span style=\"color: var( --e-global-color-text ); font-family: var( --e-global-typography-text-font-family ), Sans-serif; font-size: var( --e-global-typography-text-font-size ); font-weight: var( --e-global-typography-text-font-weight );\">\u00a0ou via nos partenaires AirBnb,\u00a0 Booking ou GreenGo\u00a0<\/span><\/p>\n<p><\/p>\n<p><\/p>\n<p><\/p>\n<p><\/p>\t\t\t\t\t\t\t\t<\/div>\n\t\t\t\t<\/div>\n\t\t\t\t\t<\/div>\n\t\t<\/div>\n\t\t\t\t\t<\/div>\n\t\t<\/section>\n\t\t\t\t<section class=\"elementor-section elementor-top-section elementor-element elementor-element-3fa0f56 elementor-section-boxed elementor-section-height-default elementor-section-height-default\" data-id=\"3fa0f56\" data-element_type=\"section\" data-e-type=\"section\">\n\t\t\t\t\t\t<div class=\"elementor-container elementor-column-gap-default\">\n\t\t\t\t\t<div class=\"elementor-column elementor-col-33 elementor-top-column elementor-element elementor-element-4e0c7c3\" data-id=\"4e0c7c3\" data-element_type=\"column\" data-e-type=\"column\">\n\t\t\t<div class=\"elementor-widget-wrap elementor-element-populated\">\n\t\t\t\t\t\t<div class=\"elementor-element elementor-element-73f4137 elementor-widget__width-auto elementor-view-default elementor-widget elementor-widget-icon\" data-id=\"73f4137\" data-element_type=\"widget\" data-e-type=\"widget\" data-widget_type=\"icon.default\">\n\t\t\t\t<div class=\"elementor-widget-container\">\n\t\t\t\t\t\t\t<div class=\"elementor-icon-wrapper\">\n\t\t\t<div class=\"elementor-icon\">\n\t\t\t<svg xmlns=\"http:\/\/www.w3.org\/2000\/svg\" viewBox=\"0 0 48 48\" width=\"144px\" height=\"144px\"><path fill=\"#ff5252\" d=\"M42.459,32.519c-1.037-3.336-9.539-19.596-12.12-24.5l-0.026-0.048C29.153,5.559,26.676,4,24,4 s-5.153,1.559-6.291,3.929L17.661,8.02C15.08,12.923,6.578,29.183,5.542,32.518C5.261,33.421,5,34.407,5,35.5 c0,4.687,3.813,8.5,8.5,8.5c4.654,0,7.612-1.949,10.5-5.184C26.888,42.051,29.846,44,34.5,44c4.687,0,8.5-3.813,8.5-8.5 C43,34.407,42.739,33.421,42.459,32.519z M23.999,34.662C22.33,32.515,20,28.881,20,26c0-2.206,1.794-4,4-4s4,1.794,4,4 C28,28.872,25.668,32.511,23.999,34.662z M34.5,41c-3.287,0-5.521-1.107-8.325-4.258C27.878,34.596,31,30.104,31,26 c0-3.86-3.141-7-7-7s-7,3.14-7,7c0,4.104,3.122,8.596,4.825,10.742C19.021,39.893,16.787,41,13.5,41C10.468,41,8,38.533,8,35.5 c0-0.653,0.162-1.308,0.406-2.09C9.17,30.95,15.3,18.948,20.316,9.417l0.076-0.146C21.055,7.891,22.471,7,24,7 s2.945,0.891,3.615,2.285l0.068,0.132C32.7,18.948,38.83,30.95,39.595,33.411C39.838,34.192,40,34.847,40,35.5 C40,38.533,37.532,41,34.5,41z\"><\/path><\/svg>\t\t\t<\/div>\n\t\t<\/div>\n\t\t\t\t\t\t<\/div>\n\t\t\t\t<\/div>\n\t\t\t\t\t<\/div>\n\t\t<\/div>\n\t\t\t\t<div class=\"elementor-column elementor-col-33 elementor-top-column elementor-element elementor-element-24c205c\" data-id=\"24c205c\" data-element_type=\"column\" data-e-type=\"column\">\n\t\t\t<div class=\"elementor-widget-wrap elementor-element-populated\">\n\t\t\t\t\t\t<div class=\"elementor-element elementor-element-9b61aef elementor-widget__width-auto elementor-view-default elementor-widget elementor-widget-icon\" data-id=\"9b61aef\" data-element_type=\"widget\" data-e-type=\"widget\" data-widget_type=\"icon.default\">\n\t\t\t\t<div class=\"elementor-widget-container\">\n\t\t\t\t\t\t\t<div class=\"elementor-icon-wrapper\">\n\t\t\t<div class=\"elementor-icon\">\n\t\t\t<svg xmlns=\"http:\/\/www.w3.org\/2000\/svg\" width=\"123\" height=\"119\" viewBox=\"0 0 123 119\" fill=\"none\"><path fill-rule=\"evenodd\" clip-rule=\"evenodd\" d=\"M122.936 22.8484C122.936 10.2386 112.666 0.000976562 100.023 0.000976562H23.8484C11.2052 0.000976562 0.935791 10.2386 0.935791 22.8484V96.1525C0.935791 108.759 11.2052 119 23.8485 119H100.023C112.666 119 122.936 108.759 122.936 96.1525L122.936 22.8484Z\" fill=\"#0C3B7C\"><\/path><path fill-rule=\"evenodd\" clip-rule=\"evenodd\" d=\"M0.939941 73.9286H61.8716V118.999H0.939986L0.939941 73.9286Z\" fill=\"#0C3B7C\"><\/path><path d=\"M56.3821 78.7672L46.5559 78.7575V67.0392C46.5559 64.5354 47.5297 63.2323 49.678 62.9346H56.3821C61.1632 62.9346 64.2559 65.9411 64.2559 70.807C64.2559 75.8047 61.2414 78.7624 56.3821 78.7672ZM46.5559 47.1606V44.076C46.5559 41.3771 47.701 40.0935 50.2114 39.9276H55.242C59.5532 39.9276 62.137 42.4996 62.137 46.8092C62.137 50.0889 60.3655 53.9202 55.3986 53.9202H46.5559V47.1606ZM68.9292 58.8545L67.1528 57.8588L68.7041 56.5362C70.5098 54.989 73.534 51.5092 73.534 45.506C73.534 36.311 66.3845 30.3811 55.3202 30.3811H42.6949V30.3762H41.2562C37.9775 30.4982 35.3497 33.1582 35.3154 36.4477V88.6212H55.5698C67.8673 88.6212 75.8046 81.9445 75.8046 71.6025C75.8046 66.0338 73.2404 61.2752 68.9292 58.8545Z\" fill=\"white\"><\/path><path d=\"M81.0796 81.4139C81.0796 77.4283 84.3026 74.2039 88.2736 74.2039C92.2547 74.2039 95.4928 77.4283 95.4928 81.4139C95.4928 85.3945 92.2547 88.624 88.2736 88.624C84.3026 88.624 81.0796 85.3945 81.0796 81.4139Z\" fill=\"#00BAFC\"><\/path><\/svg>\t\t\t<\/div>\n\t\t<\/div>\n\t\t\t\t\t\t<\/div>\n\t\t\t\t<\/div>\n\t\t\t\t\t<\/div>\n\t\t<\/div>\n\t\t\t\t<div class=\"elementor-column elementor-col-33 elementor-top-column elementor-element elementor-element-2fc979f\" data-id=\"2fc979f\" data-element_type=\"column\" data-e-type=\"column\">\n\t\t\t<div class=\"elementor-widget-wrap elementor-element-populated\">\n\t\t\t\t\t\t<div class=\"elementor-element elementor-element-569d486 elementor-widget__width-auto e-transform elementor-view-default elementor-widget elementor-widget-icon\" data-id=\"569d486\" data-element_type=\"widget\" data-e-type=\"widget\" data-settings=\"{&quot;_transform_scale_effect&quot;:{&quot;unit&quot;:&quot;px&quot;,&quot;size&quot;:1.5,&quot;sizes&quot;:[]},&quot;_transform_scale_effect_widescreen&quot;:{&quot;unit&quot;:&quot;px&quot;,&quot;size&quot;:&quot;&quot;,&quot;sizes&quot;:[]},&quot;_transform_scale_effect_tablet&quot;:{&quot;unit&quot;:&quot;px&quot;,&quot;size&quot;:&quot;&quot;,&quot;sizes&quot;:[]},&quot;_transform_scale_effect_mobile&quot;:{&quot;unit&quot;:&quot;px&quot;,&quot;size&quot;:&quot;&quot;,&quot;sizes&quot;:[]}}\" data-widget_type=\"icon.default\">\n\t\t\t\t<div class=\"elementor-widget-container\">\n\t\t\t\t\t\t\t<div class=\"elementor-icon-wrapper\">\n\t\t\t<div class=\"elementor-icon\">\n\t\t\t<svg xmlns=\"http:\/\/www.w3.org\/2000\/svg\" width=\"262\" height=\"71\" viewBox=\"0 0 262 71\" fill=\"none\"><g clip-path=\"url(#clip0_100_4907)\"><path fill-rule=\"evenodd\" clip-rule=\"evenodd\" d=\"M261.063 32.277C260.898 42.774 250.796 52.5792 240.536 52.2036C229.736 51.8083 220.603 42.3391 220.714 31.6444C220.82 21.3383 231.001 11.7901 241.505 12.1526C251.593 12.5018 261.213 22.4058 261.063 32.277Z\" fill=\"#F2C94C\"><\/path><path d=\"M187.064 55.1236C182.981 55.1236 179.396 54.3023 176.311 52.6594C173.274 51.0165 170.933 48.602 169.291 45.4159C167.648 42.18 166.876 38.2222 166.976 33.5427C167.025 28.8133 167.946 24.8058 169.739 21.52C171.581 18.2344 174.095 15.7452 177.281 14.0526C180.467 12.36 184.152 11.5137 188.332 11.5137C194.058 11.5137 198.488 12.7582 201.625 15.2473C204.761 17.7365 206.852 21.3459 207.897 26.0752L200.579 27.1207C199.832 23.9843 198.289 21.7939 195.95 20.5493C193.659 19.3047 191.121 18.6824 188.332 18.6824C183.554 18.6824 180.044 19.9768 177.804 22.5655C175.613 25.1542 174.493 28.6142 174.443 32.9453C174.443 37.7245 175.713 41.4084 178.251 43.9972C180.791 46.5361 184.425 47.8055 189.154 47.8055C192.041 47.8055 194.656 47.1334 196.995 45.7894C199.335 44.3954 200.853 42.18 201.551 39.1432H192.291V33.5427H208.719V54.3023H203.566L201.849 46.9841H201.7C201.201 48.2287 200.331 49.4733 199.086 50.7179C197.892 51.9624 196.298 53.0078 194.307 53.8541C192.315 54.7004 189.902 55.1236 187.064 55.1236ZM225.449 55.049C221.965 55.049 219.077 54.3769 216.787 53.0328C214.497 51.6886 212.78 49.8466 211.634 47.5068C210.489 45.1172 209.917 42.404 209.917 39.3674C209.867 34.7873 211.137 31.0286 213.725 28.0914C216.364 25.1045 220.272 23.6109 225.449 23.6109C230.478 23.6109 234.286 25.0547 236.875 27.942C239.513 30.8295 240.833 34.6379 240.833 39.3674C240.833 42.3046 240.285 44.9679 239.189 47.3574C238.094 49.747 236.402 51.6388 234.111 53.0328C231.821 54.3769 228.935 55.049 225.449 55.049ZM225.449 48.627C227.64 48.627 229.307 48.154 230.452 47.2081C231.648 46.2622 232.444 45.0675 232.843 43.6238C233.24 42.1303 233.439 40.6367 233.439 39.1432C233.439 37.5999 233.24 36.0816 232.843 34.5881C232.444 33.0947 231.648 31.8749 230.452 30.9291C229.307 29.9832 227.64 29.5102 225.449 29.5102C223.209 29.5102 221.492 30.0081 220.297 31.0038C219.152 31.9496 218.356 33.1693 217.908 34.6627C217.509 36.1065 217.31 37.5999 217.31 39.1432C217.31 40.6367 217.509 42.1303 217.908 43.6238C218.356 45.0675 219.152 46.2622 220.297 47.2081C221.492 48.154 223.209 48.627 225.449 48.627Z\" fill=\"#219653\"><\/path><path d=\"M31.7142 35.1243H39.9241V55.1499H33.1565V52.8201C30.4569 54.8171 26.9806 55.8156 22.7277 55.8156C19.1404 55.8156 15.8491 55.0389 12.8535 53.4857C9.85804 51.9325 7.47272 49.6766 5.69759 46.718C3.92247 43.7226 3.03491 40.1723 3.03491 36.0673C3.03491 32.1102 3.94095 28.5971 5.75306 25.5275C7.60215 22.421 10.1539 19.9988 13.4083 18.2607C16.6626 16.5225 20.3239 15.6534 24.3918 15.6534C27.7941 15.6534 30.8821 16.2267 33.6558 17.3732C36.4294 18.5195 38.7592 20.1836 40.6453 22.3656L34.8761 27.691C32.1025 24.7694 28.7557 23.3087 24.8356 23.3087C22.3578 23.3087 20.1575 23.8449 18.2343 24.9174C16.3113 25.9529 14.8136 27.432 13.7411 29.3552C12.6686 31.2782 12.1324 33.4971 12.1324 36.0119C12.1324 38.6375 12.6501 40.8749 13.6856 42.7241C14.758 44.5732 16.1819 45.9784 17.9571 46.94C19.7322 47.8645 21.6736 48.3267 23.7816 48.3267C26.925 48.3267 29.5693 47.4393 31.7142 45.6641V35.1243ZM53.7082 29.2442C54.7437 27.8019 56.1305 26.711 57.8686 25.9713C59.6437 25.2317 61.6777 24.8618 63.9707 24.8618V32.8499C63.0092 32.776 62.3619 32.739 62.0291 32.739C59.5513 32.739 57.6098 33.4417 56.2045 34.847C54.7991 36.2153 54.0965 38.2863 54.0965 41.0599V55.1499H45.4428V25.3056H53.7082V29.2442ZM81.6595 48.6596C83.2127 48.6596 84.5811 48.4377 85.7644 47.9939C86.9849 47.5132 88.1128 46.7736 89.1483 45.7751L93.7525 50.7676C90.9418 53.985 86.8369 55.5937 81.4376 55.5937C78.0722 55.5937 75.0951 54.9465 72.5065 53.6522C69.9177 52.3208 67.9207 50.4901 66.5154 48.1603C65.1101 45.8305 64.4074 43.1863 64.4074 40.2278C64.4074 37.3062 65.0917 34.6806 66.46 32.3506C67.8653 29.9838 69.7699 28.1533 72.1737 26.8589C74.6145 25.5275 77.3511 24.8618 80.3836 24.8618C83.2312 24.8618 85.82 25.4721 88.1498 26.6925C90.4796 27.8759 92.3287 29.614 93.697 31.907C95.1023 34.1628 95.805 36.844 95.805 39.9504L73.7268 44.2218C74.3556 45.7011 75.3355 46.8106 76.6669 47.5501C78.0352 48.2898 79.6995 48.6596 81.6595 48.6596ZM80.3836 31.4077C78.2016 31.4077 76.4266 32.1102 75.0583 33.5155C73.69 34.9209 72.9687 36.8624 72.8947 39.3402L87.4286 36.5112C87.0219 34.9579 86.1897 33.719 84.9323 32.7945C83.675 31.87 82.1587 31.4077 80.3836 31.4077ZM114.436 48.6596C115.989 48.6596 117.358 48.4377 118.541 47.9939C119.761 47.5132 120.889 46.7736 121.925 45.7751L126.529 50.7676C123.718 53.985 119.613 55.5937 114.214 55.5937C110.849 55.5937 107.872 54.9465 105.283 53.6522C102.694 52.3208 100.697 50.4901 99.292 48.1603C97.8867 45.8305 97.184 43.1863 97.184 40.2278C97.184 37.3062 97.8681 34.6806 99.2364 32.3506C100.642 29.9838 102.546 28.1533 104.95 26.8589C107.391 25.5275 110.128 24.8618 113.16 24.8618C116.008 24.8618 118.596 25.4721 120.926 26.6925C123.256 27.8759 125.105 29.614 126.473 31.907C127.879 34.1628 128.581 36.844 128.581 39.9504L106.503 44.2218C107.132 45.7011 108.112 46.8106 109.443 47.5501C110.812 48.2898 112.476 48.6596 114.436 48.6596ZM113.16 31.4077C110.978 31.4077 109.203 32.1102 107.835 33.5155C106.466 34.9209 105.745 36.8624 105.671 39.3402L120.205 36.5112C119.798 34.9579 118.966 33.719 117.709 32.7945C116.451 31.87 114.935 31.4077 113.16 31.4077ZM150.318 24.8618C154.017 24.8618 156.994 25.9713 159.25 28.1903C161.543 30.4091 162.69 33.7005 162.69 38.0643V55.1499H154.036V39.3956C154.036 37.0288 153.518 35.2723 152.483 34.1258C151.447 32.9424 149.948 32.3506 147.989 32.3506C145.807 32.3506 144.068 33.0349 142.774 34.4032C141.48 35.7345 140.834 37.7315 140.834 40.3943V55.1499H132.179V25.3056H140.445V28.8005C141.591 27.543 143.015 26.5815 144.716 25.9159C146.417 25.2132 148.284 24.8618 150.318 24.8618Z\" fill=\"#6FCF97\"><\/path><\/g><defs><clipPath id=\"clip0_100_4907\"><rect width=\"260.193\" height=\"69.1137\" fill=\"white\" transform=\"translate(0.871582 0.943115)\"><\/rect><\/clipPath><\/defs><\/svg>\t\t\t<\/div>\n\t\t<\/div>\n\t\t\t\t\t\t<\/div>\n\t\t\t\t<\/div>\n\t\t\t\t\t<\/div>\n\t\t<\/div>\n\t\t\t\t\t<\/div>\n\t\t<\/section>\n\t\t\t\t<\/div>\n\t\t","protected":false},"excerpt":{"rendered":"<p>Nos infos pratiques 06 88 48 90 72 Point GPS : N 44\u00b049&rsquo;09\u00a0\u00bb \/ E 0\u00b042&rsquo;50\u00a0\u00bb 864 Route de pecoral 24150 Couze et st Front Pour r\u00e9server<\/p>\n","protected":false},"author":1,"featured_media":0,"parent":0,"menu_order":5,"comment_status":"closed","ping_status":"closed","template":"","meta":{"inline_featured_image":false,"footnotes":""},"class_list":["post-8","page","type-page","status-publish","hentry"],"_links":{"self":[{"href":"https:\/\/cabanedeloiseau.com\/index.php?rest_route=\/wp\/v2\/pages\/8","targetHints":{"allow":["GET"]}}],"collection":[{"href":"https:\/\/cabanedeloiseau.com\/index.php?rest_route=\/wp\/v2\/pages"}],"about":[{"href":"https:\/\/cabanedeloiseau.com\/index.php?rest_route=\/wp\/v2\/types\/page"}],"author":[{"embeddable":true,"href":"https:\/\/cabanedeloiseau.com\/index.php?rest_route=\/wp\/v2\/users\/1"}],"replies":[{"embeddable":true,"href":"https:\/\/cabanedeloiseau.com\/index.php?rest_route=%2Fwp%2Fv2%2Fcomments&post=8"}],"version-history":[{"count":50,"href":"https:\/\/cabanedeloiseau.com\/index.php?rest_route=\/wp\/v2\/pages\/8\/revisions"}],"predecessor-version":[{"id":2627,"href":"https:\/\/cabanedeloiseau.com\/index.php?rest_route=\/wp\/v2\/pages\/8\/revisions\/2627"}],"wp:attachment":[{"href":"https:\/\/cabanedeloiseau.com\/index.php?rest_route=%2Fwp%2Fv2%2Fmedia&parent=8"}],"curies":[{"name":"wp","href":"https:\/\/api.w.org\/{rel}","templated":true}]}}